{"id":197,"date":"2026-01-07T04:41:10","date_gmt":"2026-01-07T04:41:10","guid":{"rendered":"https:\/\/discgolfhyvinkaa.net\/New\/?page_id=197"},"modified":"2026-01-07T20:05:19","modified_gmt":"2026-01-07T20:05:19","slug":"yhteystiedot-2","status":"publish","type":"page","link":"https:\/\/discgolfhyvinkaa.net\/New\/yhteystiedot-2\/","title":{"rendered":"YHTEYSTIEDOT"},"content":{"rendered":"\n<h2 class=\"wp-block-heading\"><\/h2>\n\n\n\n<p><strong>Yleiset asiat<\/strong><\/p>\n\n\n\n<ul class=\"wp-block-list\">\n<li>Veli Ahola, 040&nbsp;179 7558<\/li>\n\n\n\n<li><a href=\"mailto:info@discgolfhyvinkaa.net\">info@discgolfhyvinkaa.net<\/a><\/li>\n<\/ul>\n\n\n\n<p><strong>J\u00e4senasiat<\/strong><\/p>\n\n\n\n<ul class=\"wp-block-list\">\n<li>Veli Ahola<\/li>\n\n\n\n<li><a href=\"mailto:sihteeri@discgolfhyvinkaa.net\">sihteeri@discgolfhyvinkaa.net<\/a><\/li>\n<\/ul>\n\n\n\n<p><strong>Kilpailutoiminta<\/strong><\/p>\n\n\n\n<ul class=\"wp-block-list\">\n<li>Veli Ahola, 040 179 7558 \/<\/li>\n\n\n\n<li><a href=\"mailto:kilpailut@discgolfhyvinkaa.net\">kilpailut@discgolfhyvinkaa.net<\/a><\/li>\n<\/ul>\n\n\n\n<p><strong>Lajiopastukset, koululaistoiminta<\/strong><\/p>\n\n\n\n<ul class=\"wp-block-list\">\n<li><a href=\"mailto:sihteeri@discgolfhyvinkaa.net\">sihteeri@discgolfhyvinkaa.net<\/a><\/li>\n<\/ul>\n\n\n\n<p><strong>Disc Golf Hyvink\u00e4\u00e4 ry:n hallitus kaudella 2026<\/strong><\/p>\n\n\n\n<ul class=\"wp-block-list\">\n<li>Veli Ahola Puheenjohtaja<\/li>\n\n\n\n<li>Mikko Huuhka Varapuheenjohtaja<\/li>\n\n\n\n<li>Marika Koskela Sihteeri<\/li>\n\n\n\n<li>Tatu Nokelainen Hallituksen j\u00e4sen<\/li>\n\n\n\n<li>Harri Paunisalo Hallituksen j\u00e4sen<\/li>\n\n\n\n<li>Kari Mannila Hallituksen j\u00e4sen<\/li>\n\n\n\n<li>Soila Mannila Hallituksen j\u00e4sen<\/li>\n\n\n\n<li>Maija Koskinen Hallituksen j\u00e4sen<\/li>\n\n\n\n<li>Jarno Rantila Hallituksen j\u00e4sen<\/li>\n\n\n\n<li>Timo Parkkila Hallituksen varaj\u00e4sen<\/li>\n<\/ul>\n","protected":false},"excerpt":{"rendered":"<p>Yleiset asiat J\u00e4senasiat Kilpailutoiminta Lajiopastukset, koululaistoiminta Disc Golf Hyvink\u00e4\u00e4 ry:n hallitus kaudella 2026<\/p>\n","protected":false},"author":1,"featured_media":0,"parent":0,"menu_order":0,"comment_status":"closed","ping_status":"closed","template":"","meta":{"footnotes":""},"class_list":["post-197","page","type-page","status-publish"],"_links":{"self":[{"href":"https:\/\/discgolfhyvinkaa.net\/New\/wp-json\/wp\/v2\/pages\/197","targetHints":{"allow":["GET"]}}],"collection":[{"href":"https:\/\/discgolfhyvinkaa.net\/New\/wp-json\/wp\/v2\/pages"}],"about":[{"href":"https:\/\/discgolfhyvinkaa.net\/New\/wp-json\/wp\/v2\/types\/page"}],"author":[{"embeddable":true,"href":"https:\/\/discgolfhyvinkaa.net\/New\/wp-json\/wp\/v2\/users\/1"}],"replies":[{"embeddable":true,"href":"https:\/\/discgolfhyvinkaa.net\/New\/wp-json\/wp\/v2\/comments?post=197"}],"version-history":[{"count":2,"href":"https:\/\/discgolfhyvinkaa.net\/New\/wp-json\/wp\/v2\/pages\/197\/revisions"}],"predecessor-version":[{"id":252,"href":"https:\/\/discgolfhyvinkaa.net\/New\/wp-json\/wp\/v2\/pages\/197\/revisions\/252"}],"wp:attachment":[{"href":"https:\/\/discgolfhyvinkaa.net\/New\/wp-json\/wp\/v2\/media?parent=197"}],"curies":[{"name":"wp","href":"https:\/\/api.w.org\/{rel}","templated":true}]}}