{"id":24,"date":"2025-12-09T14:40:03","date_gmt":"2025-12-09T14:40:03","guid":{"rendered":"https:\/\/discgolfhyvinkaa.net\/New\/?page_id=24"},"modified":"2026-03-09T20:56:33","modified_gmt":"2026-03-09T20:56:33","slug":"disc-golf-hyvinkaa","status":"publish","type":"page","link":"https:\/\/discgolfhyvinkaa.net\/New\/","title":{"rendered":"DISC GOLF HYVINK\u00c4\u00c4"},"content":{"rendered":"\n<p>Disc Golf Hyvink\u00e4\u00e4 ry, tuttavallisemmin DGH, on vuonna 2011 perustettu hyvink\u00e4\u00e4l\u00e4inen frisbeegolfseura. Kaveriporukan heittelyist\u00e4 liikkeelle l\u00e4htenyt seura on kasvanut vuosien aikana aktiiviseksi ja yhteis\u00f6lliseksi toimijaksi, jonka j\u00e4seniksi ovat tervetulleita kaikki lajista kiinnostuneet. Vuonna 2025 seurassa oli 130 j\u00e4sent\u00e4.<\/p>\n\n\n<p>Seura j\u00e4rjest\u00e4\u00e4 monipuolisesti kilpailuja ymp\u00e4ri vuoden. Talvikausi k\u00e4ynnistyy <strong>Talvirukkaset<\/strong>\u2011kilpailulla, ja kev\u00e4\u00e4ll\u00e4 pelataan perinteinen <strong>Startti<\/strong>. Kes\u00e4n kohokohtiin kuuluvat <strong>Hein\u00e4paali<\/strong> ja syksyn <strong>Ruska<\/strong>, jota seuraa viel\u00e4 kauden p\u00e4\u00e4t\u00f6skilpailu <strong>Kohmesormet<\/strong>.<\/p>\n\n\n<p><br>Viikkokisoja pelataan vuoden ymp\u00e4ri, ja Sahanm\u00e4ki tunnetaan yhten\u00e4 <strong>Suomen suosituimmista <strong>talviradoista<\/strong>.<\/strong> Kilpailujen lis\u00e4ksi j\u00e4senille tarjotaan erilaisia tapahtumia ja toimintaa frisbeegolfin parissa<\/p>\n\n\n<p>Seura kehitt\u00e4\u00e4 toimintaansa jatkuvasti ja tekee yhteisty\u00f6t\u00e4 eri toimijoiden kanssa, jotta frisbeegolf olisi helposti l\u00e4hestytt\u00e4v\u00e4 ja innostava harrastus kaikenik\u00e4isille.<\/p>\n\n\n<p><strong>Suomen frisbeegolfliiton valinta: Vuoden j\u00e4senseura 2017<\/strong><\/p>\n","protected":false},"excerpt":{"rendered":"<p>Disc Golf Hyvink\u00e4\u00e4 ry, tuttavallisemmin DGH, on vuonna 2011 perustettu hyvink\u00e4\u00e4l\u00e4inen frisbeegolfseura. Kaveriporukan heittelyist\u00e4 liikkeelle l\u00e4htenyt seura on kasvanut vuosien aikana aktiiviseksi ja yhteis\u00f6lliseksi toimijaksi, jonka j\u00e4seniksi ovat tervetulleita kaikki lajista kiinnostuneet. Vuonna 2025 seurassa oli 130 j\u00e4sent\u00e4. Seura j\u00e4rjest\u00e4\u00e4 monipuolisesti kilpailuja ymp\u00e4ri vuoden. Talvikausi k\u00e4ynnistyy Talvirukkaset\u2011kilpailulla, ja kev\u00e4\u00e4ll\u00e4 pelataan perinteinen Startti. Kes\u00e4n kohokohtiin kuuluvat &#8230; <a title=\"DISC GOLF HYVINK\u00c4\u00c4\" class=\"read-more\" href=\"https:\/\/discgolfhyvinkaa.net\/New\/\" aria-label=\"Read more about DISC GOLF HYVINK\u00c4\u00c4\">Read more<\/a><\/p>\n","protected":false},"author":1,"featured_media":0,"parent":0,"menu_order":0,"comment_status":"closed","ping_status":"closed","template":"","meta":{"footnotes":""},"class_list":["post-24","page","type-page","status-publish"],"_links":{"self":[{"href":"https:\/\/discgolfhyvinkaa.net\/New\/wp-json\/wp\/v2\/pages\/24","targetHints":{"allow":["GET"]}}],"collection":[{"href":"https:\/\/discgolfhyvinkaa.net\/New\/wp-json\/wp\/v2\/pages"}],"about":[{"href":"https:\/\/discgolfhyvinkaa.net\/New\/wp-json\/wp\/v2\/types\/page"}],"author":[{"embeddable":true,"href":"https:\/\/discgolfhyvinkaa.net\/New\/wp-json\/wp\/v2\/users\/1"}],"replies":[{"embeddable":true,"href":"https:\/\/discgolfhyvinkaa.net\/New\/wp-json\/wp\/v2\/comments?post=24"}],"version-history":[{"count":10,"href":"https:\/\/discgolfhyvinkaa.net\/New\/wp-json\/wp\/v2\/pages\/24\/revisions"}],"predecessor-version":[{"id":88,"href":"https:\/\/discgolfhyvinkaa.net\/New\/wp-json\/wp\/v2\/pages\/24\/revisions\/88"}],"wp:attachment":[{"href":"https:\/\/discgolfhyvinkaa.net\/New\/wp-json\/wp\/v2\/media?parent=24"}],"curies":[{"name":"wp","href":"https:\/\/api.w.org\/{rel}","templated":true}]}}