{"id":73,"date":"2025-12-09T18:34:55","date_gmt":"2025-12-09T18:34:55","guid":{"rendered":"https:\/\/discgolfhyvinkaa.net\/New\/?page_id=73"},"modified":"2026-03-09T13:56:06","modified_gmt":"2026-03-09T13:56:06","slug":"yhteystiedot","status":"publish","type":"page","link":"https:\/\/discgolfhyvinkaa.net\/New\/yhteystiedot\/","title":{"rendered":"TIETOA"},"content":{"rendered":"\n<ul class=\"wp-block-list\">\n<li><a href=\"https:\/\/discgolfhyvinkaa.net\/New\/jasenedut\/\" data-type=\"link\" data-id=\"https:\/\/discgolfhyvinkaa.net\/New\/jasenedut\/\">J\u00e4senedut<\/a><\/li>\n\n\n\n<li><a href=\"https:\/\/discgolfhyvinkaa.net\/New\/yhteystiedot-2\/\" data-type=\"page\" data-id=\"197\">Yhteystiedot<\/a><\/li>\n\n\n\n<li><a href=\"https:\/\/discgolfhyvinkaa.net\/New\/wp-content\/uploads\/2026\/01\/saannot-pdf.pdf\" data-type=\"link\" data-id=\"https:\/\/discgolfhyvinkaa.net\/New\/wp-content\/uploads\/2026\/01\/saannot-pdf.pdf\" target=\"_blank\" rel=\"noreferrer noopener\">S\u00e4\u00e4nn\u00f6t<\/a><\/li>\n\n\n\n<li><a href=\"https:\/\/discgolfhyvinkaa.kuvat.fi\/kuvat\/\" data-type=\"link\" data-id=\"https:\/\/discgolfhyvinkaa.kuvat.fi\/kuvat\/\" target=\"_blank\" rel=\"noreferrer noopener\">Kuvagalleria<\/a><\/li>\n\n\n\n<li><a href=\"https:\/\/fuzzyeagle.com\/fi\/collections\/disc-golf-hyvinkaa\" data-type=\"link\" data-id=\"https:\/\/fuzzyeagle.com\/fi\/collections\/disc-golf-hyvinkaa\" target=\"_blank\" rel=\"noreferrer noopener\">Vaatekauppa<\/a><\/li>\n<\/ul>\n\n\n\n<p><\/p>\n","protected":false},"excerpt":{"rendered":"","protected":false},"author":1,"featured_media":0,"parent":0,"menu_order":0,"comment_status":"closed","ping_status":"closed","template":"","meta":{"footnotes":""},"class_list":["post-73","page","type-page","status-publish"],"_links":{"self":[{"href":"https:\/\/discgolfhyvinkaa.net\/New\/wp-json\/wp\/v2\/pages\/73","targetHints":{"allow":["GET"]}}],"collection":[{"href":"https:\/\/discgolfhyvinkaa.net\/New\/wp-json\/wp\/v2\/pages"}],"about":[{"href":"https:\/\/discgolfhyvinkaa.net\/New\/wp-json\/wp\/v2\/types\/page"}],"author":[{"embeddable":true,"href":"https:\/\/discgolfhyvinkaa.net\/New\/wp-json\/wp\/v2\/users\/1"}],"replies":[{"embeddable":true,"href":"https:\/\/discgolfhyvinkaa.net\/New\/wp-json\/wp\/v2\/comments?post=73"}],"version-history":[{"count":23,"href":"https:\/\/discgolfhyvinkaa.net\/New\/wp-json\/wp\/v2\/pages\/73\/revisions"}],"predecessor-version":[{"id":269,"href":"https:\/\/discgolfhyvinkaa.net\/New\/wp-json\/wp\/v2\/pages\/73\/revisions\/269"}],"wp:attachment":[{"href":"https:\/\/discgolfhyvinkaa.net\/New\/wp-json\/wp\/v2\/media?parent=73"}],"curies":[{"name":"wp","href":"https:\/\/api.w.org\/{rel}","templated":true}]}}